{"id":4518,"date":"2022-06-30T11:35:13","date_gmt":"2022-06-30T09:35:13","guid":{"rendered":"http:\/\/www.venezianettunolido.it\/contatti-copy\/"},"modified":"2022-06-30T11:36:37","modified_gmt":"2022-06-30T09:36:37","slug":"policy-privacy","status":"publish","type":"page","link":"https:\/\/www.venezianettunolido.it\/?page_id=4518","title":{"rendered":"Policy Privacy"},"content":{"rendered":"<div class=\"fusion-fullwidth fullwidth-box fusion-builder-row-1 fusion-flex-container nonhundred-percent-fullwidth non-hundred-percent-height-scrolling\" style=\"--awb-border-radius-top-left:0px;--awb-border-radius-top-right:0px;--awb-border-radius-bottom-right:0px;--awb-border-radius-bottom-left:0px;--awb-flex-wrap:wrap;\" ><div class=\"fusion-builder-row fusion-row fusion-flex-align-items-flex-start fusion-flex-content-wrap\" style=\"max-width:1185.6px;margin-left: calc(-4% \/ 2 );margin-right: calc(-4% \/ 2 );\"><div class=\"fusion-layout-column fusion_builder_column fusion-builder-column-0 fusion_builder_column_1_1 1_1 fusion-flex-column\" style=\"--awb-bg-size:cover;--awb-width-large:100%;--awb-margin-top-large:0px;--awb-spacing-right-large:1.92%;--awb-margin-bottom-large:0px;--awb-spacing-left-large:1.92%;--awb-width-medium:100%;--awb-spacing-right-medium:1.92%;--awb-spacing-left-medium:1.92%;--awb-width-small:100%;--awb-spacing-right-small:1.92%;--awb-spacing-left-small:1.92%;\"><div class=\"fusion-column-wrapper fusion-flex-justify-content-flex-start fusion-content-layout-column\"><div class=\"fusion-text fusion-text-1\"><p style=\"text-align: justify;\">I dati personali che l\u2019Utente comunicher\u00e0 navigando su questo sito web (di seguito \u201cSito\u201d) saranno trattati con correttezza e trasparenza per fini leciti e tutelando la sua riservatezza ed i suoi diritti nel rispetto della normativa comunitaria in materia di protezione dei dati personali (Reg. UE 2016\/679)<br \/>\nIl presente documento non include i trattati svolti su altri siti web eventualmente consultabili dall\u2019utente tramite link presenti sul Sito.<br \/>\nI trattamenti verranno effettuati con le seguenti finalit\u00e0 e modalit\u00e0:<br \/>\n1. Titolare del Trattamento.<br \/>\nAi sensi della normativa citata, il Titolare del Trattamento \u00e8 la societ\u00e0 VENEZIA NETTUNO LIDO ASD, con sede in Via Malamocco, 74\/A, Lido di Venezia, mail: info@http:\/\/www.venezianettunolido.it\/.<br \/>\n2. Oggetto del Trattamento.<br \/>\nIl Titolare tratter\u00e0 i dati personali comunicati dall\u2019Utente compilando i form che si trova nella sezione \u201cContatti\u201d, unicamente per le finalit\u00e0 indicate alla presente informativa.<br \/>\n3. Finalit\u00e0 del trattamento.<br \/>\nLe finalit\u00e0 del trattamento perseguite in linea generale dal Titolare possono riassumersi come segue:<br \/>\na) per poter rispondere ad eventuali richieste di informazioni provenienti dall\u2019Utente;<br \/>\nb) per consentire al Cliente di lasciare un commento nella sezione prevista;<br \/>\nc) previo specifico e distinto consenso per consentire all\u2019Utente di rimanere informato delle nuove iniziative organizzate dal Titolare.<br \/>\n4. Categorie dei dati personali trattati.<br \/>\nI dati trattati saranno quelli strettamente necessari per le finalit\u00e0 richiesta e\/o autorizzata.<br \/>\n5. Destinatari od eventuali categorie di destinatari dei dati personali.<br \/>\nI dati saranno resi accessibili a:<br \/>\ndipendenti e collaboratori del Titolare<br \/>\nI dati non saranno diffusi e saranno trattati con modalit\u00e0 organizzative e logiche correlate agli scopi sopra specificati.<br \/>\n6. Trasferimento dei dati.<br \/>\nLa gestione e la conservazione dei dati personali avverr\u00e0 su server ubicati all\u2019interno dell\u2019UE del Titolare e\/o di societ\u00e0 terze incaricate e non verr\u00e0 effettuato alcun trasferimento degli stessi al di fuori del territorio dell\u2019Unione Europea.<br \/>\n7. Periodo di conservazione.<br \/>\nIl Titolare tratterr\u00e0 i dati personali forniti con le seguenti tempistiche:<br \/>\n\u2013 i dati forniti dal Cliente accedendo all\u2019area \u201cContatti\u201d (nome, cognome e e-mail) saranno conservati per il tempo necessario a dare una risposta alle richieste dell\u2019Utente e saranno cancellati entro 48 dal termine della corrispondenza;<\/p>\n<p style=\"text-align: justify;\">8. Diritti dell\u2019interessato.<br \/>\nNella qualit\u00e0 di interessato, il cliente ha i seguenti diritti:<\/p>\n<p style=\"text-align: justify;\">\u2013 diritto di accedere ai propri dati personali (una volta avuta la conferma che i propri dati sono sottoposti ad un trattamento da parte del titolare);<br \/>\n\u2013 diritto di ottenere la rettifica e l\u2019integrazione dei propri dati;<br \/>\n\u2013 diritto di ottenere la cancellazione dei propri dati;<br \/>\n\u2013 diritto di ottenere la limitazione del trattamento dei propri dati personali in presenza di determinate condizioni;<br \/>\n\u2013 diritto di ricevere i dati personali forniti al titolare in un formato strutturato e di uso comune, e di trasmetterli a diverso titolare;<br \/>\n\u2013 diritto di opporsi al trattamento dei dati personali qualora ricorrano motivi connessi alla sua situazione personale;<br \/>\n\u2013 diritto di non essere sottoposto ad un processo decisionale automatizzato;<br \/>\n\u2013 diritto di ottenere comunicazione nel caso in cui i propri dati subiscano una grave violazione;<br \/>\n\u2013 diritto di revocare il consenso al trattamento in qualsiasi momento;<br \/>\n\u2013 diritto di presentare reclamo davanti ad un\u2019Autorit\u00e0 di controllo.<br \/>\nIl cliente potr\u00e0 esercitare i predetti diritti inviando una comunicazione al Titolare del trattamento agli indirizzi di cui al precedente art. 1).<\/p>\n<p style=\"text-align: justify;\">9. Natura del conferimento dei dati e conseguenze del rifiuto di rispondere.<br \/>\nLa comunicazione dei dati per le finalit\u00e0 sopra indicate \u00e8 facoltativa, cos\u00ec come il consenso prestato alla detenzione dell\u2019indirizzo mail per il periodo di 24 mesi per l\u2019invio della newsletter periodica. Il Cliente pu\u00f2 quindi decidere di non prestare tale consenso o di revocare il consenso prestato, con le modalit\u00e0 di cui al punto 8, senza pregiudicare la liceit\u00e0 del trattamento basata sul consenso prestato prima della revoca.<\/p>\n<\/div><div class=\"fusion-text fusion-text-2\"><\/div><\/div><\/div><\/div><\/div>\n","protected":false},"excerpt":{"rendered":"","protected":false},"author":1,"featured_media":0,"parent":0,"menu_order":0,"comment_status":"closed","ping_status":"closed","template":"","meta":{"_bbp_topic_count":0,"_bbp_reply_count":0,"_bbp_total_topic_count":0,"_bbp_total_reply_count":0,"_bbp_voice_count":0,"_bbp_anonymous_reply_count":0,"_bbp_topic_count_hidden":0,"_bbp_reply_count_hidden":0,"_bbp_forum_subforum_count":0,"footnotes":""},"_links":{"self":[{"href":"https:\/\/www.venezianettunolido.it\/index.php?rest_route=\/wp\/v2\/pages\/4518"}],"collection":[{"href":"https:\/\/www.venezianettunolido.it\/index.php?rest_route=\/wp\/v2\/pages"}],"about":[{"href":"https:\/\/www.venezianettunolido.it\/index.php?rest_route=\/wp\/v2\/types\/page"}],"author":[{"embeddable":true,"href":"https:\/\/www.venezianettunolido.it\/index.php?rest_route=\/wp\/v2\/users\/1"}],"replies":[{"embeddable":true,"href":"https:\/\/www.venezianettunolido.it\/index.php?rest_route=%2Fwp%2Fv2%2Fcomments&post=4518"}],"version-history":[{"count":2,"href":"https:\/\/www.venezianettunolido.it\/index.php?rest_route=\/wp\/v2\/pages\/4518\/revisions"}],"predecessor-version":[{"id":4520,"href":"https:\/\/www.venezianettunolido.it\/index.php?rest_route=\/wp\/v2\/pages\/4518\/revisions\/4520"}],"wp:attachment":[{"href":"https:\/\/www.venezianettunolido.it\/index.php?rest_route=%2Fwp%2Fv2%2Fmedia&parent=4518"}],"curies":[{"name":"wp","href":"https:\/\/api.w.org\/{rel}","templated":true}]}}